{"id":889,"date":"2024-11-08T18:51:25","date_gmt":"2024-11-08T18:51:25","guid":{"rendered":"https:\/\/www.ikigaisisu.edu.do\/?page_id=889"},"modified":"2025-02-06T00:24:23","modified_gmt":"2025-02-06T00:24:23","slug":"bus-service","status":"publish","type":"page","link":"https:\/\/www.ikigaisisu.edu.do\/es\/bus-service\/","title":{"rendered":"Servicio de Transporte"},"content":{"rendered":"<div data-elementor-type=\"wp-post\" data-elementor-id=\"889\" class=\"elementor elementor-889\" data-elementor-post-type=\"page\">\n\t\t\t\t\t\t<section class=\"elementor-section elementor-top-section elementor-element elementor-element-5617487b elementor-section-boxed elementor-section-height-default elementor-section-height-default\" data-id=\"5617487b\" data-element_type=\"section\">\n\t\t\t\t\t\t<div class=\"elementor-container elementor-column-gap-no\">\n\t\t\t\t\t<div class=\"elementor-column elementor-col-100 elementor-top-column elementor-element elementor-element-794150b\" data-id=\"794150b\" data-element_type=\"column\">\n\t\t\t<div class=\"elementor-widget-wrap elementor-element-populated\">\n\t\t\t\t\t\t<div class=\"elementor-element elementor-element-9376994 elementor-widget elementor-widget-heading\" data-id=\"9376994\" data-element_type=\"widget\" data-widget_type=\"heading.default\">\n\t\t\t\t<div class=\"elementor-widget-container\">\n\t\t\t<h2 class=\"elementor-heading-title elementor-size-default\">Servicio de Transporte\n<\/h2>\t\t<\/div>\n\t\t\t\t<\/div>\n\t\t\t\t<div class=\"elementor-element elementor-element-a3bc77f elementor-widget elementor-widget-text-editor\" data-id=\"a3bc77f\" data-element_type=\"widget\" data-widget_type=\"text-editor.default\">\n\t\t\t\t<div class=\"elementor-widget-container\">\n\t\t\t\t\t\t\t<p>La Escuela Ikigai ofrece un servicio de autob\u00fas privado para el transporte seguro y confiable de sus estudiantes. Para obtener m\u00e1s informaci\u00f3n sobre rutas, horarios o tarifas, cont\u00e1ctenos.<\/p>\t\t\t\t\t\t<\/div>\n\t\t\t\t<\/div>\n\t\t\t\t\t<\/div>\n\t\t<\/div>\n\t\t\t\t\t<\/div>\n\t\t<\/section>\n\t\t\t\t<section class=\"elementor-section elementor-top-section elementor-element elementor-element-c44eaf7 elementor-section-boxed elementor-section-height-default elementor-section-height-default\" data-id=\"c44eaf7\" data-element_type=\"section\">\n\t\t\t\t\t\t<div class=\"elementor-container elementor-column-gap-default\">\n\t\t\t\t\t<div class=\"elementor-column elementor-col-50 elementor-top-column elementor-element elementor-element-970b2cc\" data-id=\"970b2cc\" data-element_type=\"column\" data-settings=\"{&quot;background_background&quot;:&quot;classic&quot;}\">\n\t\t\t<div class=\"elementor-widget-wrap\">\n\t\t\t\t\t\t\t<\/div>\n\t\t<\/div>\n\t\t\t\t<div class=\"elementor-column elementor-col-50 elementor-top-column elementor-element elementor-element-5940a61\" data-id=\"5940a61\" data-element_type=\"column\">\n\t\t\t<div class=\"elementor-widget-wrap elementor-element-populated\">\n\t\t\t\t\t\t<div class=\"elementor-element elementor-element-373b196 elementor-widget elementor-widget-text-editor\" data-id=\"373b196\" data-element_type=\"widget\" data-widget_type=\"text-editor.default\">\n\t\t\t\t<div class=\"elementor-widget-container\">\n\t\t\t\t\t\t\t<p>Nos complace informarles que nuestra escuela ofrece un servicio de autob\u00fas privado para la comodidad de nuestros estudiantes y sus familias. Este servicio garantiza un transporte seguro y confiable hacia y desde la escuela, con rutas exclusivas y conductores experimentados.<\/p><p>Si desea m\u00e1s informaci\u00f3n sobre rutas, horarios o tarifas no dude en contactarnos.<\/p>\t\t\t\t\t\t<\/div>\n\t\t\t\t<\/div>\n\t\t\t\t\t<\/div>\n\t\t<\/div>\n\t\t\t\t\t<\/div>\n\t\t<\/section>\n\t\t\t\t<section class=\"elementor-section elementor-top-section elementor-element elementor-element-8370909 elementor-section-stretched elementor-section-boxed elementor-section-height-default elementor-section-height-default\" data-id=\"8370909\" data-element_type=\"section\" data-settings=\"{&quot;stretch_section&quot;:&quot;section-stretched&quot;,&quot;background_background&quot;:&quot;classic&quot;}\">\n\t\t\t\t\t\t<div class=\"elementor-container elementor-column-gap-default\">\n\t\t\t\t\t<div class=\"elementor-column elementor-col-100 elementor-top-column elementor-element elementor-element-49162a6\" data-id=\"49162a6\" data-element_type=\"column\" data-settings=\"{&quot;background_background&quot;:&quot;classic&quot;}\">\n\t\t\t<div class=\"elementor-widget-wrap elementor-element-populated\">\n\t\t\t\t\t\t<div class=\"elementor-element elementor-element-578d3d3 elementor-widget elementor-widget-heading\" data-id=\"578d3d3\" data-element_type=\"widget\" data-widget_type=\"heading.default\">\n\t\t\t\t<div class=\"elementor-widget-container\">\n\t\t\t<h2 class=\"elementor-heading-title elementor-size-default\">Contactanos<\/h2>\t\t<\/div>\n\t\t\t\t<\/div>\n\t\t\t\t\t<\/div>\n\t\t<\/div>\n\t\t\t\t\t<\/div>\n\t\t<\/section>\n\t\t\t\t<\/div>","protected":false},"excerpt":{"rendered":"<p>Bus Service Ikigai School offers a private bus service for safe, reliable student transportation. For details on routes, schedules, or fees, please contact us. We are pleased to inform you that our school offers a private bus service for the convenience of our students and their families. This service ensures safe and reliable transportation to [&hellip;]<\/p>","protected":false},"author":1,"featured_media":0,"parent":0,"menu_order":0,"comment_status":"closed","ping_status":"closed","template":"","meta":{"_siteseo_robots_primary_cat":"","footnotes":""},"class_list":["post-889","page","type-page","status-publish"],"_links":{"self":[{"href":"https:\/\/www.ikigaisisu.edu.do\/es\/wp-json\/wp\/v2\/pages\/889","targetHints":{"allow":["GET"]}}],"collection":[{"href":"https:\/\/www.ikigaisisu.edu.do\/es\/wp-json\/wp\/v2\/pages"}],"about":[{"href":"https:\/\/www.ikigaisisu.edu.do\/es\/wp-json\/wp\/v2\/types\/page"}],"author":[{"embeddable":true,"href":"https:\/\/www.ikigaisisu.edu.do\/es\/wp-json\/wp\/v2\/users\/1"}],"replies":[{"embeddable":true,"href":"https:\/\/www.ikigaisisu.edu.do\/es\/wp-json\/wp\/v2\/comments?post=889"}],"version-history":[{"count":0,"href":"https:\/\/www.ikigaisisu.edu.do\/es\/wp-json\/wp\/v2\/pages\/889\/revisions"}],"wp:attachment":[{"href":"https:\/\/www.ikigaisisu.edu.do\/es\/wp-json\/wp\/v2\/media?parent=889"}],"curies":[{"name":"wp","href":"https:\/\/api.w.org\/{rel}","templated":true}]}}