{"id":403,"date":"2024-11-07T15:16:53","date_gmt":"2024-11-07T15:16:53","guid":{"rendered":"https:\/\/www.ikigaisisu.edu.do\/?page_id=403"},"modified":"2025-03-09T23:30:29","modified_gmt":"2025-03-09T23:30:29","slug":"meal-plan","status":"publish","type":"page","link":"https:\/\/www.ikigaisisu.edu.do\/es\/meal-plan\/","title":{"rendered":"Plan de Comida"},"content":{"rendered":"<div data-elementor-type=\"wp-post\" data-elementor-id=\"403\" class=\"elementor elementor-403\" data-elementor-post-type=\"page\">\n\t\t\t\t\t\t<section class=\"elementor-section elementor-top-section elementor-element elementor-element-5617487b elementor-section-boxed elementor-section-height-default elementor-section-height-default\" data-id=\"5617487b\" data-element_type=\"section\">\n\t\t\t\t\t\t<div class=\"elementor-container elementor-column-gap-no\">\n\t\t\t\t\t<div class=\"elementor-column elementor-col-100 elementor-top-column elementor-element elementor-element-794150b\" data-id=\"794150b\" data-element_type=\"column\">\n\t\t\t<div class=\"elementor-widget-wrap elementor-element-populated\">\n\t\t\t\t\t\t<div class=\"elementor-element elementor-element-9376994 elementor-widget elementor-widget-heading\" data-id=\"9376994\" data-element_type=\"widget\" data-widget_type=\"heading.default\">\n\t\t\t\t<div class=\"elementor-widget-container\">\n\t\t\t<h2 class=\"elementor-heading-title elementor-size-default\">Plan de Comida\n<\/h2>\t\t<\/div>\n\t\t\t\t<\/div>\n\t\t\t\t<div class=\"elementor-element elementor-element-a3bc77f elementor-widget elementor-widget-text-editor\" data-id=\"a3bc77f\" data-element_type=\"widget\" data-widget_type=\"text-editor.default\">\n\t\t\t\t<div class=\"elementor-widget-container\">\n\t\t\t\t\t\t\t<p>Nuestro plan de alimentaci\u00f3n saludable y equilibrado ofrece comidas equilibradas, nutritivas y deliciosas dise\u00f1adas para apoyar el crecimiento y el desarrollo de los ni\u00f1os.<\/p>\t\t\t\t\t\t<\/div>\n\t\t\t\t<\/div>\n\t\t\t\t\t<\/div>\n\t\t<\/div>\n\t\t\t\t\t<\/div>\n\t\t<\/section>\n\t\t\t\t<section class=\"elementor-section elementor-top-section elementor-element elementor-element-c44eaf7 elementor-section-boxed elementor-section-height-default elementor-section-height-default\" data-id=\"c44eaf7\" data-element_type=\"section\">\n\t\t\t\t\t\t<div class=\"elementor-container elementor-column-gap-default\">\n\t\t\t\t\t<div class=\"elementor-column elementor-col-100 elementor-top-column elementor-element elementor-element-5940a61\" data-id=\"5940a61\" data-element_type=\"column\">\n\t\t\t<div class=\"elementor-widget-wrap elementor-element-populated\">\n\t\t\t\t\t\t<div class=\"elementor-element elementor-element-373b196 elementor-widget elementor-widget-text-editor\" data-id=\"373b196\" data-element_type=\"widget\" data-widget_type=\"text-editor.default\">\n\t\t\t\t<div class=\"elementor-widget-container\">\n\t\t\t\t\t\t\t<p>Nuestro plan de alimentaci\u00f3n est\u00e1 dise\u00f1ado para satisfacer las necesidades nutricionales de los ni\u00f1os en las distintas etapas de su crecimiento y desarrollo.<\/p>\n<p>Este plan incluye una variedad de alimentos equilibrados que aportan nutrientes esenciales como prote\u00ednas, carbohidratos, grasas saludables, vitaminas y minerales.<\/p>\n<p>Nuestra chef es la mente creativa y el coraz\u00f3n apasionado detr\u00e1s de este proyecto. Con su amor por la cocina y su dedicaci\u00f3n a la nutrici\u00f3n infantil, nos aseguramos de que cada plan de alimentaci\u00f3n sea delicioso, equilibrado y perfecto para el crecimiento y desarrollo de los ni\u00f1os. Gracias a su talento y compromiso, nuestros peque\u00f1os disfrutan de comidas saludables y sabrosas todos los d\u00edas.<\/p>\t\t\t\t\t\t<\/div>\n\t\t\t\t<\/div>\n\t\t\t\t<section class=\"elementor-section elementor-inner-section elementor-element elementor-element-205c1e5 elementor-section-boxed elementor-section-height-default elementor-section-height-default\" data-id=\"205c1e5\" data-element_type=\"section\">\n\t\t\t\t\t\t<div class=\"elementor-container elementor-column-gap-default\">\n\t\t\t\t\t<div class=\"elementor-column elementor-col-100 elementor-inner-column elementor-element elementor-element-1b03ed9\" data-id=\"1b03ed9\" data-element_type=\"column\">\n\t\t\t<div class=\"elementor-widget-wrap elementor-element-populated\">\n\t\t\t\t\t\t<div class=\"elementor-element elementor-element-e019087 elementor-widget elementor-widget-gallery\" data-id=\"e019087\" data-element_type=\"widget\" data-settings=\"{&quot;columns&quot;:6,&quot;content_sequenced_animation&quot;:&quot;yes&quot;,&quot;lazyload&quot;:&quot;yes&quot;,&quot;gallery_layout&quot;:&quot;grid&quot;,&quot;columns_tablet&quot;:2,&quot;columns_mobile&quot;:1,&quot;gap&quot;:{&quot;unit&quot;:&quot;px&quot;,&quot;size&quot;:10,&quot;sizes&quot;:[]},&quot;gap_tablet&quot;:{&quot;unit&quot;:&quot;px&quot;,&quot;size&quot;:10,&quot;sizes&quot;:[]},&quot;gap_mobile&quot;:{&quot;unit&quot;:&quot;px&quot;,&quot;size&quot;:10,&quot;sizes&quot;:[]},&quot;link_to&quot;:&quot;file&quot;,&quot;aspect_ratio&quot;:&quot;3:2&quot;,&quot;overlay_background&quot;:&quot;yes&quot;,&quot;content_hover_animation&quot;:&quot;fade-in&quot;}\" data-widget_type=\"gallery.default\">\n\t\t\t\t<div class=\"elementor-widget-container\">\n\t\t\t\t\t<div class=\"elementor-gallery__container\">\n\t\t\t\t\t\t\t<a class=\"e-gallery-item elementor-gallery-item elementor-animated-content\" href=\"https:\/\/www.ikigaisisu.edu.do\/wp-content\/uploads\/2025\/02\/meal-1.jpeg\" data-elementor-open-lightbox=\"yes\" data-elementor-lightbox-slideshow=\"e019087\" data-elementor-lightbox-title=\"meal 1\" data-e-action-hash=\"#elementor-action%3Aaction%3Dlightbox%26settings%3DeyJpZCI6MTQ2MiwidXJsIjoiaHR0cHM6XC9cL3d3dy5pa2lnYWlzaXN1LmVkdS5kb1wvd3AtY29udGVudFwvdXBsb2Fkc1wvMjAyNVwvMDJcL21lYWwtMS5qcGVnIiwic2xpZGVzaG93IjoiZTAxOTA4NyJ9\">\n\t\t\t\t\t<div class=\"e-gallery-image elementor-gallery-item__image\" data-thumbnail=\"https:\/\/www.ikigaisisu.edu.do\/wp-content\/uploads\/2025\/02\/meal-1.jpeg\" data-width=\"1200\" data-height=\"1600\" aria-label=\"\" role=\"img\" ><\/div>\n\t\t\t\t\t\t\t\t\t\t\t<div class=\"elementor-gallery-item__overlay\"><\/div>\n\t\t\t\t\t\t\t\t\t\t\t\t\t\t<\/a>\n\t\t\t\t\t\t\t<a class=\"e-gallery-item elementor-gallery-item elementor-animated-content\" href=\"https:\/\/www.ikigaisisu.edu.do\/wp-content\/uploads\/2025\/02\/meal-2.jpeg\" data-elementor-open-lightbox=\"yes\" data-elementor-lightbox-slideshow=\"e019087\" data-elementor-lightbox-title=\"meal 2\" data-e-action-hash=\"#elementor-action%3Aaction%3Dlightbox%26settings%3DeyJpZCI6MTQ2MywidXJsIjoiaHR0cHM6XC9cL3d3dy5pa2lnYWlzaXN1LmVkdS5kb1wvd3AtY29udGVudFwvdXBsb2Fkc1wvMjAyNVwvMDJcL21lYWwtMi5qcGVnIiwic2xpZGVzaG93IjoiZTAxOTA4NyJ9\">\n\t\t\t\t\t<div class=\"e-gallery-image elementor-gallery-item__image\" data-thumbnail=\"https:\/\/www.ikigaisisu.edu.do\/wp-content\/uploads\/2025\/02\/meal-2.jpeg\" data-width=\"1200\" data-height=\"1600\" aria-label=\"\" role=\"img\" ><\/div>\n\t\t\t\t\t\t\t\t\t\t\t<div class=\"elementor-gallery-item__overlay\"><\/div>\n\t\t\t\t\t\t\t\t\t\t\t\t\t\t<\/a>\n\t\t\t\t\t\t\t<a class=\"e-gallery-item elementor-gallery-item elementor-animated-content\" href=\"https:\/\/www.ikigaisisu.edu.do\/wp-content\/uploads\/2025\/02\/meal-3.jpeg\" data-elementor-open-lightbox=\"yes\" data-elementor-lightbox-slideshow=\"e019087\" data-elementor-lightbox-title=\"meal 3\" data-e-action-hash=\"#elementor-action%3Aaction%3Dlightbox%26settings%3DeyJpZCI6MTQ2NCwidXJsIjoiaHR0cHM6XC9cL3d3dy5pa2lnYWlzaXN1LmVkdS5kb1wvd3AtY29udGVudFwvdXBsb2Fkc1wvMjAyNVwvMDJcL21lYWwtMy5qcGVnIiwic2xpZGVzaG93IjoiZTAxOTA4NyJ9\">\n\t\t\t\t\t<div class=\"e-gallery-image elementor-gallery-item__image\" data-thumbnail=\"https:\/\/www.ikigaisisu.edu.do\/wp-content\/uploads\/2025\/02\/meal-3.jpeg\" data-width=\"960\" data-height=\"1280\" aria-label=\"\" role=\"img\" ><\/div>\n\t\t\t\t\t\t\t\t\t\t\t<div class=\"elementor-gallery-item__overlay\"><\/div>\n\t\t\t\t\t\t\t\t\t\t\t\t\t\t<\/a>\n\t\t\t\t\t\t\t<a class=\"e-gallery-item elementor-gallery-item elementor-animated-content\" href=\"https:\/\/www.ikigaisisu.edu.do\/wp-content\/uploads\/2025\/02\/meal-4.jpeg\" data-elementor-open-lightbox=\"yes\" data-elementor-lightbox-slideshow=\"e019087\" data-elementor-lightbox-title=\"meal 4\" data-e-action-hash=\"#elementor-action%3Aaction%3Dlightbox%26settings%3DeyJpZCI6MTQ2NSwidXJsIjoiaHR0cHM6XC9cL3d3dy5pa2lnYWlzaXN1LmVkdS5kb1wvd3AtY29udGVudFwvdXBsb2Fkc1wvMjAyNVwvMDJcL21lYWwtNC5qcGVnIiwic2xpZGVzaG93IjoiZTAxOTA4NyJ9\">\n\t\t\t\t\t<div class=\"e-gallery-image elementor-gallery-item__image\" data-thumbnail=\"https:\/\/www.ikigaisisu.edu.do\/wp-content\/uploads\/2025\/02\/meal-4.jpeg\" data-width=\"960\" data-height=\"1280\" aria-label=\"\" role=\"img\" ><\/div>\n\t\t\t\t\t\t\t\t\t\t\t<div class=\"elementor-gallery-item__overlay\"><\/div>\n\t\t\t\t\t\t\t\t\t\t\t\t\t\t<\/a>\n\t\t\t\t\t\t\t<a class=\"e-gallery-item elementor-gallery-item elementor-animated-content\" href=\"https:\/\/www.ikigaisisu.edu.do\/wp-content\/uploads\/2025\/02\/meal-5.jpeg\" data-elementor-open-lightbox=\"yes\" data-elementor-lightbox-slideshow=\"e019087\" data-elementor-lightbox-title=\"meal 5\" data-e-action-hash=\"#elementor-action%3Aaction%3Dlightbox%26settings%3DeyJpZCI6MTQ2NiwidXJsIjoiaHR0cHM6XC9cL3d3dy5pa2lnYWlzaXN1LmVkdS5kb1wvd3AtY29udGVudFwvdXBsb2Fkc1wvMjAyNVwvMDJcL21lYWwtNS5qcGVnIiwic2xpZGVzaG93IjoiZTAxOTA4NyJ9\">\n\t\t\t\t\t<div class=\"e-gallery-image elementor-gallery-item__image\" data-thumbnail=\"https:\/\/www.ikigaisisu.edu.do\/wp-content\/uploads\/2025\/02\/meal-5.jpeg\" data-width=\"1200\" data-height=\"1600\" aria-label=\"\" role=\"img\" ><\/div>\n\t\t\t\t\t\t\t\t\t\t\t<div class=\"elementor-gallery-item__overlay\"><\/div>\n\t\t\t\t\t\t\t\t\t\t\t\t\t\t<\/a>\n\t\t\t\t\t\t\t<a class=\"e-gallery-item elementor-gallery-item elementor-animated-content\" href=\"https:\/\/www.ikigaisisu.edu.do\/wp-content\/uploads\/2025\/02\/meal-6.jpeg\" data-elementor-open-lightbox=\"yes\" data-elementor-lightbox-slideshow=\"e019087\" data-elementor-lightbox-title=\"meal 6\" data-e-action-hash=\"#elementor-action%3Aaction%3Dlightbox%26settings%3DeyJpZCI6MTQ2NywidXJsIjoiaHR0cHM6XC9cL3d3dy5pa2lnYWlzaXN1LmVkdS5kb1wvd3AtY29udGVudFwvdXBsb2Fkc1wvMjAyNVwvMDJcL21lYWwtNi5qcGVnIiwic2xpZGVzaG93IjoiZTAxOTA4NyJ9\">\n\t\t\t\t\t<div class=\"e-gallery-image elementor-gallery-item__image\" data-thumbnail=\"https:\/\/www.ikigaisisu.edu.do\/wp-content\/uploads\/2025\/02\/meal-6.jpeg\" data-width=\"960\" data-height=\"1280\" aria-label=\"\" role=\"img\" ><\/div>\n\t\t\t\t\t\t\t\t\t\t\t<div class=\"elementor-gallery-item__overlay\"><\/div>\n\t\t\t\t\t\t\t\t\t\t\t\t\t\t<\/a>\n\t\t\t\t\t\t\t<a class=\"e-gallery-item elementor-gallery-item elementor-animated-content\" href=\"https:\/\/www.ikigaisisu.edu.do\/wp-content\/uploads\/2025\/02\/meal-7.jpeg\" data-elementor-open-lightbox=\"yes\" data-elementor-lightbox-slideshow=\"e019087\" data-elementor-lightbox-title=\"meal 7\" data-e-action-hash=\"#elementor-action%3Aaction%3Dlightbox%26settings%3DeyJpZCI6MTQ2OCwidXJsIjoiaHR0cHM6XC9cL3d3dy5pa2lnYWlzaXN1LmVkdS5kb1wvd3AtY29udGVudFwvdXBsb2Fkc1wvMjAyNVwvMDJcL21lYWwtNy5qcGVnIiwic2xpZGVzaG93IjoiZTAxOTA4NyJ9\">\n\t\t\t\t\t<div class=\"e-gallery-image elementor-gallery-item__image\" data-thumbnail=\"https:\/\/www.ikigaisisu.edu.do\/wp-content\/uploads\/2025\/02\/meal-7.jpeg\" data-width=\"1200\" data-height=\"1600\" aria-label=\"\" role=\"img\" ><\/div>\n\t\t\t\t\t\t\t\t\t\t\t<div class=\"elementor-gallery-item__overlay\"><\/div>\n\t\t\t\t\t\t\t\t\t\t\t\t\t\t<\/a>\n\t\t\t\t\t\t\t<a class=\"e-gallery-item elementor-gallery-item elementor-animated-content\" href=\"https:\/\/www.ikigaisisu.edu.do\/wp-content\/uploads\/2025\/02\/meal-8.jpeg\" data-elementor-open-lightbox=\"yes\" data-elementor-lightbox-slideshow=\"e019087\" data-elementor-lightbox-title=\"meal 8\" data-e-action-hash=\"#elementor-action%3Aaction%3Dlightbox%26settings%3DeyJpZCI6MTQ2OSwidXJsIjoiaHR0cHM6XC9cL3d3dy5pa2lnYWlzaXN1LmVkdS5kb1wvd3AtY29udGVudFwvdXBsb2Fkc1wvMjAyNVwvMDJcL21lYWwtOC5qcGVnIiwic2xpZGVzaG93IjoiZTAxOTA4NyJ9\">\n\t\t\t\t\t<div class=\"e-gallery-image elementor-gallery-item__image\" data-thumbnail=\"https:\/\/www.ikigaisisu.edu.do\/wp-content\/uploads\/2025\/02\/meal-8.jpeg\" data-width=\"1200\" data-height=\"1600\" aria-label=\"\" role=\"img\" ><\/div>\n\t\t\t\t\t\t\t\t\t\t\t<div class=\"elementor-gallery-item__overlay\"><\/div>\n\t\t\t\t\t\t\t\t\t\t\t\t\t\t<\/a>\n\t\t\t\t\t\t\t<a class=\"e-gallery-item elementor-gallery-item elementor-animated-content\" href=\"https:\/\/www.ikigaisisu.edu.do\/wp-content\/uploads\/2025\/02\/meal-9.jpeg\" data-elementor-open-lightbox=\"yes\" data-elementor-lightbox-slideshow=\"e019087\" data-elementor-lightbox-title=\"meal 9\" data-e-action-hash=\"#elementor-action%3Aaction%3Dlightbox%26settings%3DeyJpZCI6MTQ3MCwidXJsIjoiaHR0cHM6XC9cL3d3dy5pa2lnYWlzaXN1LmVkdS5kb1wvd3AtY29udGVudFwvdXBsb2Fkc1wvMjAyNVwvMDJcL21lYWwtOS5qcGVnIiwic2xpZGVzaG93IjoiZTAxOTA4NyJ9\">\n\t\t\t\t\t<div class=\"e-gallery-image elementor-gallery-item__image\" data-thumbnail=\"https:\/\/www.ikigaisisu.edu.do\/wp-content\/uploads\/2025\/02\/meal-9.jpeg\" data-width=\"1200\" data-height=\"1600\" aria-label=\"\" role=\"img\" ><\/div>\n\t\t\t\t\t\t\t\t\t\t\t<div class=\"elementor-gallery-item__overlay\"><\/div>\n\t\t\t\t\t\t\t\t\t\t\t\t\t\t<\/a>\n\t\t\t\t\t\t\t<a class=\"e-gallery-item elementor-gallery-item elementor-animated-content\" href=\"https:\/\/www.ikigaisisu.edu.do\/wp-content\/uploads\/2025\/02\/meal-10.jpeg\" data-elementor-open-lightbox=\"yes\" data-elementor-lightbox-slideshow=\"e019087\" data-elementor-lightbox-title=\"meal 10\" data-e-action-hash=\"#elementor-action%3Aaction%3Dlightbox%26settings%3DeyJpZCI6MTQ3MSwidXJsIjoiaHR0cHM6XC9cL3d3dy5pa2lnYWlzaXN1LmVkdS5kb1wvd3AtY29udGVudFwvdXBsb2Fkc1wvMjAyNVwvMDJcL21lYWwtMTAuanBlZyIsInNsaWRlc2hvdyI6ImUwMTkwODcifQ%3D%3D\">\n\t\t\t\t\t<div class=\"e-gallery-image elementor-gallery-item__image\" data-thumbnail=\"https:\/\/www.ikigaisisu.edu.do\/wp-content\/uploads\/2025\/02\/meal-10.jpeg\" data-width=\"1200\" data-height=\"1600\" aria-label=\"\" role=\"img\" ><\/div>\n\t\t\t\t\t\t\t\t\t\t\t<div class=\"elementor-gallery-item__overlay\"><\/div>\n\t\t\t\t\t\t\t\t\t\t\t\t\t\t<\/a>\n\t\t\t\t\t\t\t<a class=\"e-gallery-item elementor-gallery-item elementor-animated-content\" href=\"https:\/\/www.ikigaisisu.edu.do\/wp-content\/uploads\/2025\/02\/meal-11.jpeg\" data-elementor-open-lightbox=\"yes\" data-elementor-lightbox-slideshow=\"e019087\" data-elementor-lightbox-title=\"meal 11\" data-e-action-hash=\"#elementor-action%3Aaction%3Dlightbox%26settings%3DeyJpZCI6MTQ3MiwidXJsIjoiaHR0cHM6XC9cL3d3dy5pa2lnYWlzaXN1LmVkdS5kb1wvd3AtY29udGVudFwvdXBsb2Fkc1wvMjAyNVwvMDJcL21lYWwtMTEuanBlZyIsInNsaWRlc2hvdyI6ImUwMTkwODcifQ%3D%3D\">\n\t\t\t\t\t<div class=\"e-gallery-image elementor-gallery-item__image\" data-thumbnail=\"https:\/\/www.ikigaisisu.edu.do\/wp-content\/uploads\/2025\/02\/meal-11.jpeg\" data-width=\"960\" data-height=\"1280\" aria-label=\"\" role=\"img\" ><\/div>\n\t\t\t\t\t\t\t\t\t\t\t<div class=\"elementor-gallery-item__overlay\"><\/div>\n\t\t\t\t\t\t\t\t\t\t\t\t\t\t<\/a>\n\t\t\t\t\t\t\t<a class=\"e-gallery-item elementor-gallery-item elementor-animated-content\" href=\"https:\/\/www.ikigaisisu.edu.do\/wp-content\/uploads\/2025\/02\/meal-12.jpeg\" data-elementor-open-lightbox=\"yes\" data-elementor-lightbox-slideshow=\"e019087\" data-elementor-lightbox-title=\"meal 12\" data-e-action-hash=\"#elementor-action%3Aaction%3Dlightbox%26settings%3DeyJpZCI6MTQ3MywidXJsIjoiaHR0cHM6XC9cL3d3dy5pa2lnYWlzaXN1LmVkdS5kb1wvd3AtY29udGVudFwvdXBsb2Fkc1wvMjAyNVwvMDJcL21lYWwtMTIuanBlZyIsInNsaWRlc2hvdyI6ImUwMTkwODcifQ%3D%3D\">\n\t\t\t\t\t<div class=\"e-gallery-image elementor-gallery-item__image\" data-thumbnail=\"https:\/\/www.ikigaisisu.edu.do\/wp-content\/uploads\/2025\/02\/meal-12.jpeg\" data-width=\"960\" data-height=\"1280\" aria-label=\"\" role=\"img\" ><\/div>\n\t\t\t\t\t\t\t\t\t\t\t<div class=\"elementor-gallery-item__overlay\"><\/div>\n\t\t\t\t\t\t\t\t\t\t\t\t\t\t<\/a>\n\t\t\t\t\t\t\t<a class=\"e-gallery-item elementor-gallery-item elementor-animated-content\" href=\"https:\/\/www.ikigaisisu.edu.do\/wp-content\/uploads\/2025\/02\/meal-13.jpeg\" data-elementor-open-lightbox=\"yes\" data-elementor-lightbox-slideshow=\"e019087\" data-elementor-lightbox-title=\"meal 13\" data-e-action-hash=\"#elementor-action%3Aaction%3Dlightbox%26settings%3DeyJpZCI6MTQ3NCwidXJsIjoiaHR0cHM6XC9cL3d3dy5pa2lnYWlzaXN1LmVkdS5kb1wvd3AtY29udGVudFwvdXBsb2Fkc1wvMjAyNVwvMDJcL21lYWwtMTMuanBlZyIsInNsaWRlc2hvdyI6ImUwMTkwODcifQ%3D%3D\">\n\t\t\t\t\t<div class=\"e-gallery-image elementor-gallery-item__image\" data-thumbnail=\"https:\/\/www.ikigaisisu.edu.do\/wp-content\/uploads\/2025\/02\/meal-13.jpeg\" data-width=\"960\" data-height=\"1280\" aria-label=\"\" role=\"img\" ><\/div>\n\t\t\t\t\t\t\t\t\t\t\t<div class=\"elementor-gallery-item__overlay\"><\/div>\n\t\t\t\t\t\t\t\t\t\t\t\t\t\t<\/a>\n\t\t\t\t\t\t\t<a class=\"e-gallery-item elementor-gallery-item elementor-animated-content\" href=\"https:\/\/www.ikigaisisu.edu.do\/wp-content\/uploads\/2025\/02\/meal-14.jpeg\" data-elementor-open-lightbox=\"yes\" data-elementor-lightbox-slideshow=\"e019087\" data-elementor-lightbox-title=\"meal 14\" data-e-action-hash=\"#elementor-action%3Aaction%3Dlightbox%26settings%3DeyJpZCI6MTQ3NSwidXJsIjoiaHR0cHM6XC9cL3d3dy5pa2lnYWlzaXN1LmVkdS5kb1wvd3AtY29udGVudFwvdXBsb2Fkc1wvMjAyNVwvMDJcL21lYWwtMTQuanBlZyIsInNsaWRlc2hvdyI6ImUwMTkwODcifQ%3D%3D\">\n\t\t\t\t\t<div class=\"e-gallery-image elementor-gallery-item__image\" data-thumbnail=\"https:\/\/www.ikigaisisu.edu.do\/wp-content\/uploads\/2025\/02\/meal-14.jpeg\" data-width=\"960\" data-height=\"1280\" aria-label=\"\" role=\"img\" ><\/div>\n\t\t\t\t\t\t\t\t\t\t\t<div class=\"elementor-gallery-item__overlay\"><\/div>\n\t\t\t\t\t\t\t\t\t\t\t\t\t\t<\/a>\n\t\t\t\t\t\t\t<a class=\"e-gallery-item elementor-gallery-item elementor-animated-content\" href=\"https:\/\/www.ikigaisisu.edu.do\/wp-content\/uploads\/2025\/02\/meal-15.jpeg\" data-elementor-open-lightbox=\"yes\" data-elementor-lightbox-slideshow=\"e019087\" data-elementor-lightbox-title=\"meal 15\" data-e-action-hash=\"#elementor-action%3Aaction%3Dlightbox%26settings%3DeyJpZCI6MTQ3NiwidXJsIjoiaHR0cHM6XC9cL3d3dy5pa2lnYWlzaXN1LmVkdS5kb1wvd3AtY29udGVudFwvdXBsb2Fkc1wvMjAyNVwvMDJcL21lYWwtMTUuanBlZyIsInNsaWRlc2hvdyI6ImUwMTkwODcifQ%3D%3D\">\n\t\t\t\t\t<div class=\"e-gallery-image elementor-gallery-item__image\" data-thumbnail=\"https:\/\/www.ikigaisisu.edu.do\/wp-content\/uploads\/2025\/02\/meal-15.jpeg\" data-width=\"960\" data-height=\"1280\" aria-label=\"\" role=\"img\" ><\/div>\n\t\t\t\t\t\t\t\t\t\t\t<div class=\"elementor-gallery-item__overlay\"><\/div>\n\t\t\t\t\t\t\t\t\t\t\t\t\t\t<\/a>\n\t\t\t\t\t\t\t<a class=\"e-gallery-item elementor-gallery-item elementor-animated-content\" href=\"https:\/\/www.ikigaisisu.edu.do\/wp-content\/uploads\/2025\/02\/meal-16.jpeg\" data-elementor-open-lightbox=\"yes\" data-elementor-lightbox-slideshow=\"e019087\" data-elementor-lightbox-title=\"meal 16\" data-e-action-hash=\"#elementor-action%3Aaction%3Dlightbox%26settings%3DeyJpZCI6MTQ3NywidXJsIjoiaHR0cHM6XC9cL3d3dy5pa2lnYWlzaXN1LmVkdS5kb1wvd3AtY29udGVudFwvdXBsb2Fkc1wvMjAyNVwvMDJcL21lYWwtMTYuanBlZyIsInNsaWRlc2hvdyI6ImUwMTkwODcifQ%3D%3D\">\n\t\t\t\t\t<div class=\"e-gallery-image elementor-gallery-item__image\" data-thumbnail=\"https:\/\/www.ikigaisisu.edu.do\/wp-content\/uploads\/2025\/02\/meal-16.jpeg\" data-width=\"960\" data-height=\"1280\" aria-label=\"\" role=\"img\" ><\/div>\n\t\t\t\t\t\t\t\t\t\t\t<div class=\"elementor-gallery-item__overlay\"><\/div>\n\t\t\t\t\t\t\t\t\t\t\t\t\t\t<\/a>\n\t\t\t\t\t\t\t<a class=\"e-gallery-item elementor-gallery-item elementor-animated-content\" href=\"https:\/\/www.ikigaisisu.edu.do\/wp-content\/uploads\/2025\/02\/meal-17.jpeg\" data-elementor-open-lightbox=\"yes\" data-elementor-lightbox-slideshow=\"e019087\" data-elementor-lightbox-title=\"meal 17\" data-e-action-hash=\"#elementor-action%3Aaction%3Dlightbox%26settings%3DeyJpZCI6MTQ3OCwidXJsIjoiaHR0cHM6XC9cL3d3dy5pa2lnYWlzaXN1LmVkdS5kb1wvd3AtY29udGVudFwvdXBsb2Fkc1wvMjAyNVwvMDJcL21lYWwtMTcuanBlZyIsInNsaWRlc2hvdyI6ImUwMTkwODcifQ%3D%3D\">\n\t\t\t\t\t<div class=\"e-gallery-image elementor-gallery-item__image\" data-thumbnail=\"https:\/\/www.ikigaisisu.edu.do\/wp-content\/uploads\/2025\/02\/meal-17.jpeg\" data-width=\"960\" data-height=\"1280\" aria-label=\"\" role=\"img\" ><\/div>\n\t\t\t\t\t\t\t\t\t\t\t<div class=\"elementor-gallery-item__overlay\"><\/div>\n\t\t\t\t\t\t\t\t\t\t\t\t\t\t<\/a>\n\t\t\t\t\t\t\t<a class=\"e-gallery-item elementor-gallery-item elementor-animated-content\" href=\"https:\/\/www.ikigaisisu.edu.do\/wp-content\/uploads\/2025\/02\/meal-18.jpeg\" data-elementor-open-lightbox=\"yes\" data-elementor-lightbox-slideshow=\"e019087\" data-elementor-lightbox-title=\"meal 18\" data-e-action-hash=\"#elementor-action%3Aaction%3Dlightbox%26settings%3DeyJpZCI6MTQ3OSwidXJsIjoiaHR0cHM6XC9cL3d3dy5pa2lnYWlzaXN1LmVkdS5kb1wvd3AtY29udGVudFwvdXBsb2Fkc1wvMjAyNVwvMDJcL21lYWwtMTguanBlZyIsInNsaWRlc2hvdyI6ImUwMTkwODcifQ%3D%3D\">\n\t\t\t\t\t<div class=\"e-gallery-image elementor-gallery-item__image\" data-thumbnail=\"https:\/\/www.ikigaisisu.edu.do\/wp-content\/uploads\/2025\/02\/meal-18.jpeg\" data-width=\"960\" data-height=\"1280\" aria-label=\"\" role=\"img\" ><\/div>\n\t\t\t\t\t\t\t\t\t\t\t<div class=\"elementor-gallery-item__overlay\"><\/div>\n\t\t\t\t\t\t\t\t\t\t\t\t\t\t<\/a>\n\t\t\t\t\t\t\t<a class=\"e-gallery-item elementor-gallery-item elementor-animated-content\" href=\"https:\/\/www.ikigaisisu.edu.do\/wp-content\/uploads\/2025\/02\/meal-19.jpeg\" data-elementor-open-lightbox=\"yes\" data-elementor-lightbox-slideshow=\"e019087\" data-elementor-lightbox-title=\"meal 19\" data-e-action-hash=\"#elementor-action%3Aaction%3Dlightbox%26settings%3DeyJpZCI6MTQ4MCwidXJsIjoiaHR0cHM6XC9cL3d3dy5pa2lnYWlzaXN1LmVkdS5kb1wvd3AtY29udGVudFwvdXBsb2Fkc1wvMjAyNVwvMDJcL21lYWwtMTkuanBlZyIsInNsaWRlc2hvdyI6ImUwMTkwODcifQ%3D%3D\">\n\t\t\t\t\t<div class=\"e-gallery-image elementor-gallery-item__image\" data-thumbnail=\"https:\/\/www.ikigaisisu.edu.do\/wp-content\/uploads\/2025\/02\/meal-19.jpeg\" data-width=\"960\" data-height=\"1280\" aria-label=\"\" role=\"img\" ><\/div>\n\t\t\t\t\t\t\t\t\t\t\t<div class=\"elementor-gallery-item__overlay\"><\/div>\n\t\t\t\t\t\t\t\t\t\t\t\t\t\t<\/a>\n\t\t\t\t\t<\/div>\n\t\t\t<\/div>\n\t\t\t\t<\/div>\n\t\t\t\t\t<\/div>\n\t\t<\/div>\n\t\t\t\t\t<\/div>\n\t\t<\/section>\n\t\t\t\t\t<\/div>\n\t\t<\/div>\n\t\t\t\t\t<\/div>\n\t\t<\/section>\n\t\t\t\t<section class=\"elementor-section elementor-top-section elementor-element elementor-element-8370909 elementor-section-stretched elementor-section-boxed elementor-section-height-default elementor-section-height-default\" data-id=\"8370909\" data-element_type=\"section\" data-settings=\"{&quot;stretch_section&quot;:&quot;section-stretched&quot;,&quot;background_background&quot;:&quot;classic&quot;}\">\n\t\t\t\t\t\t<div class=\"elementor-container elementor-column-gap-default\">\n\t\t\t\t\t<div class=\"elementor-column elementor-col-100 elementor-top-column elementor-element elementor-element-49162a6\" data-id=\"49162a6\" data-element_type=\"column\" data-settings=\"{&quot;background_background&quot;:&quot;classic&quot;}\">\n\t\t\t<div class=\"elementor-widget-wrap elementor-element-populated\">\n\t\t\t\t\t\t<div class=\"elementor-element elementor-element-578d3d3 elementor-widget elementor-widget-heading\" data-id=\"578d3d3\" data-element_type=\"widget\" data-widget_type=\"heading.default\">\n\t\t\t\t<div class=\"elementor-widget-container\">\n\t\t\t<h2 class=\"elementor-heading-title elementor-size-default\">Contactanos<\/h2>\t\t<\/div>\n\t\t\t\t<\/div>\n\t\t\t\t\t<\/div>\n\t\t<\/div>\n\t\t\t\t\t<\/div>\n\t\t<\/section>\n\t\t\t\t<\/div>","protected":false},"excerpt":{"rendered":"<p>Meal Plan Our healthy balanced meal plan delivers balanced, nutritious, and delicious meals tailored to support children\u2019s growth and development. Our meal plan is designed to meet the nutritional needs of children at various stages of their growth and development. This plan includes a variety of balanced foods that provide essential nutrients such as proteins, [&hellip;]<\/p>","protected":false},"author":1,"featured_media":0,"parent":0,"menu_order":0,"comment_status":"closed","ping_status":"closed","template":"","meta":{"_siteseo_robots_primary_cat":"","footnotes":""},"class_list":["post-403","page","type-page","status-publish"],"_links":{"self":[{"href":"https:\/\/www.ikigaisisu.edu.do\/es\/wp-json\/wp\/v2\/pages\/403","targetHints":{"allow":["GET"]}}],"collection":[{"href":"https:\/\/www.ikigaisisu.edu.do\/es\/wp-json\/wp\/v2\/pages"}],"about":[{"href":"https:\/\/www.ikigaisisu.edu.do\/es\/wp-json\/wp\/v2\/types\/page"}],"author":[{"embeddable":true,"href":"https:\/\/www.ikigaisisu.edu.do\/es\/wp-json\/wp\/v2\/users\/1"}],"replies":[{"embeddable":true,"href":"https:\/\/www.ikigaisisu.edu.do\/es\/wp-json\/wp\/v2\/comments?post=403"}],"version-history":[{"count":0,"href":"https:\/\/www.ikigaisisu.edu.do\/es\/wp-json\/wp\/v2\/pages\/403\/revisions"}],"wp:attachment":[{"href":"https:\/\/www.ikigaisisu.edu.do\/es\/wp-json\/wp\/v2\/media?parent=403"}],"curies":[{"name":"wp","href":"https:\/\/api.w.org\/{rel}","templated":true}]}}