{"id":193,"date":"2019-08-08T14:52:26","date_gmt":"2019-08-08T14:52:26","guid":{"rendered":"http:\/\/ed.aislinthemes.com\/modern\/?page_id=2044"},"modified":"2025-02-11T17:22:35","modified_gmt":"2025-02-11T17:22:35","slug":"ikigai-beliefs","status":"publish","type":"page","link":"https:\/\/www.ikigaisisu.edu.do\/es\/ikigai-beliefs\/","title":{"rendered":"Valores"},"content":{"rendered":"<div data-elementor-type=\"wp-post\" data-elementor-id=\"193\" class=\"elementor elementor-193\" data-elementor-post-type=\"page\">\n\t\t\t\t\t\t<section class=\"elementor-section elementor-top-section elementor-element elementor-element-6319d3e elementor-section-boxed elementor-section-height-default elementor-section-height-default\" data-id=\"6319d3e\" data-element_type=\"section\">\n\t\t\t\t\t\t<div class=\"elementor-container elementor-column-gap-default\">\n\t\t\t\t\t<div class=\"elementor-column elementor-col-100 elementor-top-column elementor-element elementor-element-a674816\" data-id=\"a674816\" data-element_type=\"column\">\n\t\t\t<div class=\"elementor-widget-wrap elementor-element-populated\">\n\t\t\t\t\t\t<div class=\"elementor-element elementor-element-cc79461 elementor-widget elementor-widget-heading\" data-id=\"cc79461\" data-element_type=\"widget\" data-widget_type=\"heading.default\">\n\t\t\t\t<div class=\"elementor-widget-container\">\n\t\t\t<h1 class=\"elementor-heading-title elementor-size-default\">Nuestra Misi\u00f3n, Visi\u00f3n y Valores<\/h1>\t\t<\/div>\n\t\t\t\t<\/div>\n\t\t\t\t\t<\/div>\n\t\t<\/div>\n\t\t\t\t\t<\/div>\n\t\t<\/section>\n\t\t\t\t<section class=\"elementor-section elementor-top-section elementor-element elementor-element-cf42ff9 elementor-section-boxed elementor-section-height-default elementor-section-height-default\" data-id=\"cf42ff9\" data-element_type=\"section\">\n\t\t\t\t\t\t<div class=\"elementor-container elementor-column-gap-default\">\n\t\t\t\t\t<div class=\"elementor-column elementor-col-50 elementor-top-column elementor-element elementor-element-80609ca\" data-id=\"80609ca\" data-element_type=\"column\">\n\t\t\t<div class=\"elementor-widget-wrap elementor-element-populated\">\n\t\t\t\t\t\t<div class=\"elementor-element elementor-element-58cc4b5 elementor-widget elementor-widget-image\" data-id=\"58cc4b5\" data-element_type=\"widget\" data-widget_type=\"image.default\">\n\t\t\t\t<div class=\"elementor-widget-container\">\n\t\t\t\t\t\t\t\t\t\t\t\t\t<img fetchpriority=\"high\" decoding=\"async\" width=\"1024\" height=\"683\" src=\"https:\/\/www.ikigaisisu.edu.do\/wp-content\/uploads\/2025\/02\/MikaPhotograph-73-scaled-1024x683.jpg\" class=\"attachment-large size-large wp-image-1440\" alt=\"\" srcset=\"https:\/\/www.ikigaisisu.edu.do\/wp-content\/uploads\/2025\/02\/MikaPhotograph-73-scaled-1024x683.jpg 1024w, https:\/\/www.ikigaisisu.edu.do\/wp-content\/uploads\/2025\/02\/MikaPhotograph-73-scaled-300x200.jpg 300w, https:\/\/www.ikigaisisu.edu.do\/wp-content\/uploads\/2025\/02\/MikaPhotograph-73-scaled-18x12.jpg 18w, https:\/\/www.ikigaisisu.edu.do\/wp-content\/uploads\/2025\/02\/MikaPhotograph-73-scaled-1536x1024.jpg 1536w, https:\/\/www.ikigaisisu.edu.do\/wp-content\/uploads\/2025\/02\/MikaPhotograph-73-scaled-2048x1366.jpg 2048w\" sizes=\"(max-width: 1024px) 100vw, 1024px\" \/>\t\t\t\t\t\t\t\t\t\t\t\t\t<\/div>\n\t\t\t\t<\/div>\n\t\t\t\t\t<\/div>\n\t\t<\/div>\n\t\t\t\t<div class=\"elementor-column elementor-col-50 elementor-top-column elementor-element elementor-element-ad4b2a6\" data-id=\"ad4b2a6\" data-element_type=\"column\">\n\t\t\t<div class=\"elementor-widget-wrap elementor-element-populated\">\n\t\t\t\t\t\t<div class=\"elementor-element elementor-element-bfda520 elementor-widget elementor-widget-heading\" data-id=\"bfda520\" data-element_type=\"widget\" data-widget_type=\"heading.default\">\n\t\t\t\t<div class=\"elementor-widget-container\">\n\t\t\t<h4 class=\"elementor-heading-title elementor-size-default\">Misi\u00f3n<\/h4>\t\t<\/div>\n\t\t\t\t<\/div>\n\t\t\t\t<div class=\"elementor-element elementor-element-0e5b39f elementor-widget elementor-widget-text-editor\" data-id=\"0e5b39f\" data-element_type=\"widget\" data-widget_type=\"text-editor.default\">\n\t\t\t\t<div class=\"elementor-widget-container\">\n\t\t\t\t\t\t\t<p>Inspirar el desarrollo integral de cada ni\u00f1o a trav\u00e9s de una educaci\u00f3n innovadora, personalizada y de alta calidad en un entorno seguro y estimulante que fomente la creatividad, la curiosidad y el aprendizaje permanente\u201d.<\/p>\t\t\t\t\t\t<\/div>\n\t\t\t\t<\/div>\n\t\t\t\t\t<\/div>\n\t\t<\/div>\n\t\t\t\t\t<\/div>\n\t\t<\/section>\n\t\t\t\t<section class=\"elementor-section elementor-top-section elementor-element elementor-element-7cac3cf elementor-section-boxed elementor-section-height-default elementor-section-height-default\" data-id=\"7cac3cf\" data-element_type=\"section\">\n\t\t\t\t\t\t<div class=\"elementor-container elementor-column-gap-default\">\n\t\t\t\t\t<div class=\"elementor-column elementor-col-50 elementor-top-column elementor-element elementor-element-a461edb\" data-id=\"a461edb\" data-element_type=\"column\">\n\t\t\t<div class=\"elementor-widget-wrap elementor-element-populated\">\n\t\t\t\t\t\t<div class=\"elementor-element elementor-element-d195b8b elementor-widget elementor-widget-heading\" data-id=\"d195b8b\" data-element_type=\"widget\" data-widget_type=\"heading.default\">\n\t\t\t\t<div class=\"elementor-widget-container\">\n\t\t\t<h4 class=\"elementor-heading-title elementor-size-default\">Visi\u00f3n<\/h4>\t\t<\/div>\n\t\t\t\t<\/div>\n\t\t\t\t<div class=\"elementor-element elementor-element-cf5c6e4 elementor-widget elementor-widget-text-editor\" data-id=\"cf5c6e4\" data-element_type=\"widget\" data-widget_type=\"text-editor.default\">\n\t\t\t\t<div class=\"elementor-widget-container\">\n\t\t\t\t\t\t\t<p>Ampliar nuestra visi\u00f3n de aprendizaje creativo y con prop\u00f3sito a trav\u00e9s de la aplicaci\u00f3n de herramientas educativas de vanguardia, desarrollando el potencial de cada ni\u00f1o y generando un aprendizaje significativo al tiempo que promovemos la exploraci\u00f3n y el descubrimiento en un entorno seguro y enriquecedor.<\/p>\t\t\t\t\t\t<\/div>\n\t\t\t\t<\/div>\n\t\t\t\t\t<\/div>\n\t\t<\/div>\n\t\t\t\t<div class=\"elementor-column elementor-col-50 elementor-top-column elementor-element elementor-element-a8282dc\" data-id=\"a8282dc\" data-element_type=\"column\">\n\t\t\t<div class=\"elementor-widget-wrap elementor-element-populated\">\n\t\t\t\t\t\t<div class=\"elementor-element elementor-element-e8ed306 elementor-widget elementor-widget-image\" data-id=\"e8ed306\" data-element_type=\"widget\" data-widget_type=\"image.default\">\n\t\t\t\t<div class=\"elementor-widget-container\">\n\t\t\t\t\t\t\t\t\t\t\t\t\t<img decoding=\"async\" width=\"1024\" height=\"683\" src=\"https:\/\/www.ikigaisisu.edu.do\/wp-content\/uploads\/2025\/02\/MikaPhotograph-27-scaled-1024x683.jpg\" class=\"attachment-large size-large wp-image-1441\" alt=\"\" srcset=\"https:\/\/www.ikigaisisu.edu.do\/wp-content\/uploads\/2025\/02\/MikaPhotograph-27-scaled-1024x683.jpg 1024w, https:\/\/www.ikigaisisu.edu.do\/wp-content\/uploads\/2025\/02\/MikaPhotograph-27-scaled-300x200.jpg 300w, https:\/\/www.ikigaisisu.edu.do\/wp-content\/uploads\/2025\/02\/MikaPhotograph-27-scaled-18x12.jpg 18w, https:\/\/www.ikigaisisu.edu.do\/wp-content\/uploads\/2025\/02\/MikaPhotograph-27-scaled-1536x1024.jpg 1536w, https:\/\/www.ikigaisisu.edu.do\/wp-content\/uploads\/2025\/02\/MikaPhotograph-27-scaled-2048x1366.jpg 2048w\" sizes=\"(max-width: 1024px) 100vw, 1024px\" \/>\t\t\t\t\t\t\t\t\t\t\t\t\t<\/div>\n\t\t\t\t<\/div>\n\t\t\t\t\t<\/div>\n\t\t<\/div>\n\t\t\t\t\t<\/div>\n\t\t<\/section>\n\t\t\t\t<section class=\"elementor-section elementor-top-section elementor-element elementor-element-015d515 elementor-section-boxed elementor-section-height-default elementor-section-height-default\" data-id=\"015d515\" data-element_type=\"section\">\n\t\t\t\t\t\t<div class=\"elementor-container elementor-column-gap-default\">\n\t\t\t\t\t<div class=\"elementor-column elementor-col-50 elementor-top-column elementor-element elementor-element-ec51228\" data-id=\"ec51228\" data-element_type=\"column\">\n\t\t\t<div class=\"elementor-widget-wrap elementor-element-populated\">\n\t\t\t\t\t\t<div class=\"elementor-element elementor-element-fff3922 elementor-widget elementor-widget-image\" data-id=\"fff3922\" data-element_type=\"widget\" data-widget_type=\"image.default\">\n\t\t\t\t<div class=\"elementor-widget-container\">\n\t\t\t\t\t\t\t\t\t\t\t\t\t<img decoding=\"async\" width=\"1024\" height=\"682\" src=\"https:\/\/www.ikigaisisu.edu.do\/wp-content\/uploads\/2025\/02\/MikaPhotograph-41-scaled-1024x682.jpg\" class=\"attachment-large size-large wp-image-1438\" alt=\"\" srcset=\"https:\/\/www.ikigaisisu.edu.do\/wp-content\/uploads\/2025\/02\/MikaPhotograph-41-scaled-1024x682.jpg 1024w, https:\/\/www.ikigaisisu.edu.do\/wp-content\/uploads\/2025\/02\/MikaPhotograph-41-scaled-300x200.jpg 300w, https:\/\/www.ikigaisisu.edu.do\/wp-content\/uploads\/2025\/02\/MikaPhotograph-41-scaled-18x12.jpg 18w, https:\/\/www.ikigaisisu.edu.do\/wp-content\/uploads\/2025\/02\/MikaPhotograph-41-scaled-1536x1024.jpg 1536w, https:\/\/www.ikigaisisu.edu.do\/wp-content\/uploads\/2025\/02\/MikaPhotograph-41-scaled-2048x1365.jpg 2048w\" sizes=\"(max-width: 1024px) 100vw, 1024px\" \/>\t\t\t\t\t\t\t\t\t\t\t\t\t<\/div>\n\t\t\t\t<\/div>\n\t\t\t\t\t<\/div>\n\t\t<\/div>\n\t\t\t\t<div class=\"elementor-column elementor-col-50 elementor-top-column elementor-element elementor-element-ae227f7\" data-id=\"ae227f7\" data-element_type=\"column\">\n\t\t\t<div class=\"elementor-widget-wrap elementor-element-populated\">\n\t\t\t\t\t\t<div class=\"elementor-element elementor-element-62d87c6 elementor-widget elementor-widget-heading\" data-id=\"62d87c6\" data-element_type=\"widget\" data-widget_type=\"heading.default\">\n\t\t\t\t<div class=\"elementor-widget-container\">\n\t\t\t<h4 class=\"elementor-heading-title elementor-size-default\">Valores<\/h4>\t\t<\/div>\n\t\t\t\t<\/div>\n\t\t\t\t<section class=\"elementor-section elementor-inner-section elementor-element elementor-element-3688ade elementor-section-boxed elementor-section-height-default elementor-section-height-default\" data-id=\"3688ade\" data-element_type=\"section\">\n\t\t\t\t\t\t<div class=\"elementor-container elementor-column-gap-default\">\n\t\t\t\t\t<div class=\"elementor-column elementor-col-50 elementor-inner-column elementor-element elementor-element-c3f2c07\" data-id=\"c3f2c07\" data-element_type=\"column\">\n\t\t\t<div class=\"elementor-widget-wrap elementor-element-populated\">\n\t\t\t\t\t\t<div class=\"elementor-element elementor-element-40f34b1 elementor-widget elementor-widget-text-editor\" data-id=\"40f34b1\" data-element_type=\"widget\" data-widget_type=\"text-editor.default\">\n\t\t\t\t<div class=\"elementor-widget-container\">\n\t\t\t\t\t\t\t<ul><li>Honestidad<\/li><li>Respeto<\/li><li>Responsabilidad<\/li><li>Confianza<\/li><li>Desarrollo Hol\u00edstico<\/li><\/ul>\t\t\t\t\t\t<\/div>\n\t\t\t\t<\/div>\n\t\t\t\t\t<\/div>\n\t\t<\/div>\n\t\t\t\t<div class=\"elementor-column elementor-col-50 elementor-inner-column elementor-element elementor-element-0808de8\" data-id=\"0808de8\" data-element_type=\"column\">\n\t\t\t<div class=\"elementor-widget-wrap elementor-element-populated\">\n\t\t\t\t\t\t<div class=\"elementor-element elementor-element-82da2fb elementor-widget elementor-widget-text-editor\" data-id=\"82da2fb\" data-element_type=\"widget\" data-widget_type=\"text-editor.default\">\n\t\t\t\t<div class=\"elementor-widget-container\">\n\t\t\t\t\t\t\t<ul><li>Perseverancia<\/li><li>Curiosidad<\/li><li>Trabajo en Equipo<\/li><li>Creatividad<\/li><\/ul>\t\t\t\t\t\t<\/div>\n\t\t\t\t<\/div>\n\t\t\t\t\t<\/div>\n\t\t<\/div>\n\t\t\t\t\t<\/div>\n\t\t<\/section>\n\t\t\t\t\t<\/div>\n\t\t<\/div>\n\t\t\t\t\t<\/div>\n\t\t<\/section>\n\t\t\t\t<section class=\"elementor-section elementor-top-section elementor-element elementor-element-44f3fdf elementor-section-stretched elementor-section-boxed elementor-section-height-default elementor-section-height-default\" data-id=\"44f3fdf\" data-element_type=\"section\" data-settings=\"{&quot;stretch_section&quot;:&quot;section-stretched&quot;,&quot;background_background&quot;:&quot;classic&quot;}\">\n\t\t\t\t\t\t<div class=\"elementor-container elementor-column-gap-wide\">\n\t\t\t\t\t<div class=\"elementor-column elementor-col-33 elementor-top-column elementor-element elementor-element-3357bf0\" data-id=\"3357bf0\" data-element_type=\"column\">\n\t\t\t<div class=\"elementor-widget-wrap elementor-element-populated\">\n\t\t\t\t\t\t<div class=\"elementor-element elementor-element-312eaa8 elementor-widget__width-auto elementor-widget elementor-widget-button\" data-id=\"312eaa8\" data-element_type=\"widget\" data-widget_type=\"button.default\">\n\t\t\t\t<div class=\"elementor-widget-container\">\n\t\t\t\t\t<div class=\"elementor-button-wrapper\">\n\t\t\t<a class=\"elementor-button elementor-button-link elementor-size-sm\" href=\"https:\/\/www.ikigaisisu.edu.do\/es\/board-of-directors-message\/\">\n\t\t\t\t\t\t<span class=\"elementor-button-content-wrapper\">\n\t\t\t\t\t\t<span class=\"elementor-button-icon\">\n\t\t\t\t<i aria-hidden=\"true\" class=\"fas fa-chevron-right\"><\/i>\t\t\t<\/span>\n\t\t\t\t\t\t\t\t\t<span class=\"elementor-button-text\">Mensaje de los Directores<\/span>\n\t\t\t\t\t<\/span>\n\t\t\t\t\t<\/a>\n\t\t<\/div>\n\t\t\t\t<\/div>\n\t\t\t\t<\/div>\n\t\t\t\t\t<\/div>\n\t\t<\/div>\n\t\t\t\t<div class=\"elementor-column elementor-col-33 elementor-top-column elementor-element elementor-element-24e4984\" data-id=\"24e4984\" data-element_type=\"column\">\n\t\t\t<div class=\"elementor-widget-wrap elementor-element-populated\">\n\t\t\t\t\t\t<div class=\"elementor-element elementor-element-aa327f7 elementor-widget__width-auto elementor-widget elementor-widget-button\" data-id=\"aa327f7\" data-element_type=\"widget\" data-widget_type=\"button.default\">\n\t\t\t\t<div class=\"elementor-widget-container\">\n\t\t\t\t\t<div class=\"elementor-button-wrapper\">\n\t\t\t<a class=\"elementor-button elementor-button-link elementor-size-sm\" href=\"https:\/\/www.ikigaisisu.edu.do\/es\/affiliations\/\">\n\t\t\t\t\t\t<span class=\"elementor-button-content-wrapper\">\n\t\t\t\t\t\t<span class=\"elementor-button-icon\">\n\t\t\t\t<i aria-hidden=\"true\" class=\"fas fa-chevron-right\"><\/i>\t\t\t<\/span>\n\t\t\t\t\t\t\t\t\t<span class=\"elementor-button-text\">Afiliaciones<\/span>\n\t\t\t\t\t<\/span>\n\t\t\t\t\t<\/a>\n\t\t<\/div>\n\t\t\t\t<\/div>\n\t\t\t\t<\/div>\n\t\t\t\t\t<\/div>\n\t\t<\/div>\n\t\t\t\t<div class=\"elementor-column elementor-col-33 elementor-top-column elementor-element elementor-element-f610b8f\" data-id=\"f610b8f\" data-element_type=\"column\">\n\t\t\t<div class=\"elementor-widget-wrap elementor-element-populated\">\n\t\t\t\t\t\t<div class=\"elementor-element elementor-element-bb4409c elementor-widget__width-auto elementor-widget elementor-widget-button\" data-id=\"bb4409c\" data-element_type=\"widget\" data-widget_type=\"button.default\">\n\t\t\t\t<div class=\"elementor-widget-container\">\n\t\t\t\t\t<div class=\"elementor-button-wrapper\">\n\t\t\t<a class=\"elementor-button elementor-button-link elementor-size-sm\" href=\"https:\/\/www.ikigaisisu.edu.do\/es\/history\/\">\n\t\t\t\t\t\t<span class=\"elementor-button-content-wrapper\">\n\t\t\t\t\t\t<span class=\"elementor-button-icon\">\n\t\t\t\t<i aria-hidden=\"true\" class=\"fas fa-chevron-right\"><\/i>\t\t\t<\/span>\n\t\t\t\t\t\t\t\t\t<span class=\"elementor-button-text\">Valores<\/span>\n\t\t\t\t\t<\/span>\n\t\t\t\t\t<\/a>\n\t\t<\/div>\n\t\t\t\t<\/div>\n\t\t\t\t<\/div>\n\t\t\t\t\t<\/div>\n\t\t<\/div>\n\t\t\t\t\t<\/div>\n\t\t<\/section>\n\t\t\t\t<\/div>","protected":false},"excerpt":{"rendered":"<p>Our Mission, Vision, and Values Mission To inspire the holistic development of every child through innovative, personalized, and high-quality education in a safe and stimulating environment that fosters creativity, curiosity, and lifelong learning.&#8221; Vision To extend our vision of creative and purposeful learning through the application of cutting-edge educational tools, developing each child&#8217;s potential and [&hellip;]<\/p>","protected":false},"author":1,"featured_media":0,"parent":0,"menu_order":0,"comment_status":"closed","ping_status":"closed","template":"elementor_header_footer","meta":{"_siteseo_robots_primary_cat":"","footnotes":""},"class_list":["post-193","page","type-page","status-publish"],"_links":{"self":[{"href":"https:\/\/www.ikigaisisu.edu.do\/es\/wp-json\/wp\/v2\/pages\/193","targetHints":{"allow":["GET"]}}],"collection":[{"href":"https:\/\/www.ikigaisisu.edu.do\/es\/wp-json\/wp\/v2\/pages"}],"about":[{"href":"https:\/\/www.ikigaisisu.edu.do\/es\/wp-json\/wp\/v2\/types\/page"}],"author":[{"embeddable":true,"href":"https:\/\/www.ikigaisisu.edu.do\/es\/wp-json\/wp\/v2\/users\/1"}],"replies":[{"embeddable":true,"href":"https:\/\/www.ikigaisisu.edu.do\/es\/wp-json\/wp\/v2\/comments?post=193"}],"version-history":[{"count":0,"href":"https:\/\/www.ikigaisisu.edu.do\/es\/wp-json\/wp\/v2\/pages\/193\/revisions"}],"wp:attachment":[{"href":"https:\/\/www.ikigaisisu.edu.do\/es\/wp-json\/wp\/v2\/media?parent=193"}],"curies":[{"name":"wp","href":"https:\/\/api.w.org\/{rel}","templated":true}]}}